{"id":1103,"date":"2024-11-12T20:26:26","date_gmt":"2024-11-12T20:26:26","guid":{"rendered":"https:\/\/conexaorentacar.com\/?page_id=1103"},"modified":"2025-05-26T14:43:41","modified_gmt":"2025-05-26T14:43:41","slug":"reserva","status":"publish","type":"page","link":"https:\/\/conexaorentacar.com\/florida\/en\/reserva\/","title":{"rendered":"Reserva"},"content":{"rendered":"\t\t<div data-elementor-type=\"wp-page\" data-elementor-id=\"1103\" class=\"elementor elementor-1103\" data-elementor-post-type=\"page\">\n\t\t\t\t<div class=\"elementor-element elementor-element-c14812c e-flex e-con-boxed e-con e-parent\" data-id=\"c14812c\" data-element_type=\"container\" data-e-type=\"container\" data-settings=\"{&quot;background_background&quot;:&quot;classic&quot;}\">\n\t\t\t\t\t<div class=\"e-con-inner\">\n\t\t\t\t\t<\/div>\n\t\t\t\t<\/div>\n\t\t<div class=\"elementor-element elementor-element-4e6c8a1 e-flex e-con-boxed e-con e-parent\" data-id=\"4e6c8a1\" data-element_type=\"container\" data-e-type=\"container\">\n\t\t\t\t\t<div class=\"e-con-inner\">\n\t\t<div class=\"elementor-element elementor-element-7981fc5 e-con-full e-flex e-con e-child\" data-id=\"7981fc5\" data-element_type=\"container\" data-e-type=\"container\">\n\t\t\t\t<div class=\"elementor-element elementor-element-d401c26 elementor-widget elementor-widget-heading\" data-id=\"d401c26\" data-element_type=\"widget\" data-e-type=\"widget\" data-widget_type=\"heading.default\">\n\t\t\t\t\t<h2 class=\"elementor-heading-title elementor-size-default\">Formul\u00e1rio de Cota\u00e7\u00e3o<\/h2>\t\t\t\t<\/div>\n\t\t\t\t<div class=\"elementor-element elementor-element-267e601 elementor-widget elementor-widget-spacer\" data-id=\"267e601\" data-element_type=\"widget\" data-e-type=\"widget\" data-widget_type=\"spacer.default\">\n\t\t\t\t\t\t\t<div class=\"elementor-spacer\">\n\t\t\t<div class=\"elementor-spacer-inner\"><\/div>\n\t\t<\/div>\n\t\t\t\t\t\t<\/div>\n\t\t\t\t<\/div>\n\t\t\t\t\t<\/div>\n\t\t\t\t<\/div>\n\t\t<div class=\"elementor-element elementor-element-3d7c599 e-flex e-con-boxed e-con e-parent\" data-id=\"3d7c599\" data-element_type=\"container\" data-e-type=\"container\">\n\t\t\t\t\t<div class=\"e-con-inner\">\n\t\t\t\t<div class=\"elementor-element elementor-element-9bc3084 elementor-widget elementor-widget-heading\" data-id=\"9bc3084\" data-element_type=\"widget\" data-e-type=\"widget\" data-widget_type=\"heading.default\">\n\t\t\t\t\t<h2 class=\"elementor-heading-title elementor-size-default\">Preencha o formul\u00e1rio abaixo para enviarmos a cota\u00e7\u00e3o.<\/h2>\t\t\t\t<\/div>\n\t\t\t\t\t<\/div>\n\t\t\t\t<\/div>\n\t\t<div class=\"elementor-element elementor-element-cef5918 e-flex e-con-boxed e-con e-parent\" data-id=\"cef5918\" data-element_type=\"container\" data-e-type=\"container\" data-settings=\"{&quot;background_background&quot;:&quot;classic&quot;}\">\n\t\t\t\t\t<div class=\"e-con-inner\">\n\t\t\t\t<div class=\"elementor-element elementor-element-ad3d230 elementor-button-align-stretch elementor-widget elementor-widget-form\" data-id=\"ad3d230\" data-element_type=\"widget\" data-e-type=\"widget\" data-settings=\"{&quot;step_next_label&quot;:&quot;Pr\\u00f3ximo&quot;,&quot;step_previous_label&quot;:&quot;Anterior&quot;,&quot;button_width&quot;:&quot;100&quot;,&quot;step_type&quot;:&quot;number_text&quot;,&quot;step_icon_shape&quot;:&quot;circle&quot;}\" data-widget_type=\"form.default\">\n\t\t\t\t\t\t\t<form class=\"elementor-form\" method=\"post\" name=\"Novo formul\u00e1rio\" aria-label=\"Novo formul\u00e1rio\">\n\t\t\t<input type=\"hidden\" name=\"post_id\" value=\"1103\"\/>\n\t\t\t<input type=\"hidden\" name=\"form_id\" value=\"ad3d230\"\/>\n\t\t\t<input type=\"hidden\" name=\"referer_title\" value=\"Reserva - Conex\u00e3o Rentacar\" \/>\n\n\t\t\t\t\t\t\t<input type=\"hidden\" name=\"queried_id\" value=\"1103\"\/>\n\t\t\t\n\t\t\t<div class=\"elementor-form-fields-wrapper elementor-labels-above\">\n\t\t\t\t\t\t\t\t<div class=\"elementor-field-type-text elementor-field-group elementor-column elementor-field-group-name elementor-col-100 elementor-field-required\">\n\t\t\t\t\t\t\t\t\t\t\t\t<label for=\"form-field-name\" class=\"elementor-field-label\">\n\t\t\t\t\t\t\t\tNome\t\t\t\t\t\t\t<\/label>\n\t\t\t\t\t\t\t\t\t\t\t\t\t\t<input size=\"1\" type=\"text\" name=\"form_fields[name]\" id=\"form-field-name\" class=\"elementor-field elementor-size-sm  elementor-field-textual\" placeholder=\"Nome completo\" required=\"required\">\n\t\t\t\t\t\t\t\t\t\t\t<\/div>\n\t\t\t\t\t\t\t\t<div class=\"elementor-field-type-email elementor-field-group elementor-column elementor-field-group-field_e673bcb elementor-col-100 elementor-field-required\">\n\t\t\t\t\t\t\t\t\t\t\t\t<label for=\"form-field-field_e673bcb\" class=\"elementor-field-label\">\n\t\t\t\t\t\t\t\tE-mail\t\t\t\t\t\t\t<\/label>\n\t\t\t\t\t\t\t\t\t\t\t\t\t\t<input size=\"1\" type=\"email\" name=\"form_fields[field_e673bcb]\" id=\"form-field-field_e673bcb\" class=\"elementor-field elementor-size-sm  elementor-field-textual\" placeholder=\"E-mail\" required=\"required\">\n\t\t\t\t\t\t\t\t\t\t\t<\/div>\n\t\t\t\t\t\t\t\t<div class=\"elementor-field-type-text elementor-field-group elementor-column elementor-field-group-field_09e7ac2 elementor-col-100 elementor-field-required\">\n\t\t\t\t\t\t\t\t\t\t\t\t<label for=\"form-field-field_09e7ac2\" class=\"elementor-field-label\">\n\t\t\t\t\t\t\t\tTel\t\t\t\t\t\t\t<\/label>\n\t\t\t\t\t\t\t\t\t\t\t\t\t\t<input size=\"1\" type=\"text\" name=\"form_fields[field_09e7ac2]\" id=\"form-field-field_09e7ac2\" class=\"elementor-field elementor-size-sm  fme-mask-input mask_control_@ev-tel-ddd9 money_mask_format_@ mask_prefix_@ mask_decimal_places_@ mask_time_mask_format_@ fme_phone_format_@ credit_card_options_@ mask_auto_placeholder_@ fme_brazilian_formats_@ elementor-field-textual\" placeholder=\"Tel c\/ DDD\" required=\"required\" data-mask=\"ev-tel-ddd9\">\n\t\t\t\t\t\t\t\t\t\t\t<\/div>\n\t\t\t\t\t\t\t\t<div class=\"elementor-field-type-select elementor-field-group elementor-column elementor-field-group-field_2ab1498 elementor-col-40 elementor-field-required\">\n\t\t\t\t\t\t\t\t\t\t\t\t<label for=\"form-field-field_2ab1498\" class=\"elementor-field-label\">\n\t\t\t\t\t\t\t\tLocal de retirada\t\t\t\t\t\t\t<\/label>\n\t\t\t\t\t\t\t\t<div class=\"elementor-field elementor-select-wrapper remove-before \">\n\t\t\t<div class=\"select-caret-down-wrapper\">\n\t\t\t\t<svg aria-hidden=\"true\" class=\"e-font-icon-svg e-eicon-caret-down\" viewBox=\"0 0 571.4 571.4\" xmlns=\"http:\/\/www.w3.org\/2000\/svg\"><path d=\"M571 393Q571 407 561 418L311 668Q300 679 286 679T261 668L11 418Q0 407 0 393T11 368 36 357H536Q550 357 561 368T571 393Z\"><\/path><\/svg>\t\t\t<\/div>\n\t\t\t<select name=\"form_fields[field_2ab1498]\" id=\"form-field-field_2ab1498\" class=\"elementor-field-textual elementor-size-sm\" required=\"required\">\n\t\t\t\t\t\t\t\t\t<option value=\"Aeroporto Orlando (MCO)\">Aeroporto Orlando (MCO)<\/option>\n\t\t\t\t\t\t\t\t\t<option value=\"Aeroporto Miami (MIA)\">Aeroporto Miami (MIA)<\/option>\n\t\t\t\t\t\t\t\t\t<option value=\"Aeroporto Fort Lauderdale (FL)\">Aeroporto Fort Lauderdale (FL)<\/option>\n\t\t\t\t\t\t\t\t\t<option value=\"Aeroporto Tampa (TPA)\">Aeroporto Tampa (TPA)<\/option>\n\t\t\t\t\t\t\t\t\t<option value=\"Outros\">Outros<\/option>\n\t\t\t\t\t\t\t<\/select>\n\t\t<\/div>\n\t\t\t\t\t\t<\/div>\n\t\t\t\t\t\t\t\t<div class=\"elementor-field-type-text elementor-field-group elementor-column elementor-field-group-field_afacb7f elementor-col-60\">\n\t\t\t\t\t\t\t\t\t\t\t\t<label for=\"form-field-field_afacb7f\" class=\"elementor-field-label\">\n\t\t\t\t\t\t\t\tSe escolheu outro local de retirada, por favor  informar aqui!\t\t\t\t\t\t\t<\/label>\n\t\t\t\t\t\t\t\t\t\t\t\t\t\t<input size=\"1\" type=\"text\" name=\"form_fields[field_afacb7f]\" id=\"form-field-field_afacb7f\" class=\"elementor-field elementor-size-sm  elementor-field-textual\" placeholder=\"Local de retirada \">\n\t\t\t\t\t\t\t\t\t\t\t<\/div>\n\t\t\t\t\t\t\t\t<div class=\"elementor-field-type-date elementor-field-group elementor-column elementor-field-group-field_26bf0c0 elementor-col-40 elementor-field-required\">\n\t\t\t\t\t\t\t\t\t\t\t\t<label for=\"form-field-field_26bf0c0\" class=\"elementor-field-label\">\n\t\t\t\t\t\t\t\tData de retirada\t\t\t\t\t\t\t<\/label>\n\t\t\t\t\t\t\n\t\t<input type=\"date\" name=\"form_fields[field_26bf0c0]\" id=\"form-field-field_26bf0c0\" class=\"elementor-field elementor-size-sm  elementor-field-textual elementor-date-field\" placeholder=\"Data de retirada\" required=\"required\" pattern=\"[0-9]{4}-[0-9]{2}-[0-9]{2}\">\n\t\t\t\t\t\t<\/div>\n\t\t\t\t\t\t\t\t<div class=\"elementor-field-type-time elementor-field-group elementor-column elementor-field-group-field_3f4ffb1 elementor-col-40 elementor-field-required\">\n\t\t\t\t\t\t\t\t\t\t\t\t<label for=\"form-field-field_3f4ffb1\" class=\"elementor-field-label\">\n\t\t\t\t\t\t\t\tHora de retirada\t\t\t\t\t\t\t<\/label>\n\t\t\t\t\t\t\t\t<input type=\"time\" name=\"form_fields[field_3f4ffb1]\" id=\"form-field-field_3f4ffb1\" class=\"elementor-field elementor-size-sm  elementor-field-textual elementor-time-field\" placeholder=\"Hora de retirada\" required=\"required\">\n\t\t\t\t\t\t<\/div>\n\t\t\t\t\t\t\t\t<div class=\"elementor-field-type-select elementor-field-group elementor-column elementor-field-group-field_538446a elementor-col-40 elementor-field-required\">\n\t\t\t\t\t\t\t\t\t\t\t\t<label for=\"form-field-field_538446a\" class=\"elementor-field-label\">\n\t\t\t\t\t\t\t\tLocal de devolu\u00e7\u00e3o \t\t\t\t\t\t\t<\/label>\n\t\t\t\t\t\t\t\t<div class=\"elementor-field elementor-select-wrapper remove-before \">\n\t\t\t<div class=\"select-caret-down-wrapper\">\n\t\t\t\t<svg aria-hidden=\"true\" class=\"e-font-icon-svg e-eicon-caret-down\" viewBox=\"0 0 571.4 571.4\" xmlns=\"http:\/\/www.w3.org\/2000\/svg\"><path d=\"M571 393Q571 407 561 418L311 668Q300 679 286 679T261 668L11 418Q0 407 0 393T11 368 36 357H536Q550 357 561 368T571 393Z\"><\/path><\/svg>\t\t\t<\/div>\n\t\t\t<select name=\"form_fields[field_538446a]\" id=\"form-field-field_538446a\" class=\"elementor-field-textual elementor-size-sm\" required=\"required\">\n\t\t\t\t\t\t\t\t\t<option value=\"Aeroporto Orlando (MCO)\">Aeroporto Orlando (MCO)<\/option>\n\t\t\t\t\t\t\t\t\t<option value=\"Aeroporto Miami (MIA)\">Aeroporto Miami (MIA)<\/option>\n\t\t\t\t\t\t\t\t\t<option value=\"Aeroporto Fort Lauderdale (FL)\">Aeroporto Fort Lauderdale (FL)<\/option>\n\t\t\t\t\t\t\t\t\t<option value=\"Aeroporto Tampa (TPA)\">Aeroporto Tampa (TPA)<\/option>\n\t\t\t\t\t\t\t\t\t<option value=\"Outros\">Outros<\/option>\n\t\t\t\t\t\t\t<\/select>\n\t\t<\/div>\n\t\t\t\t\t\t<\/div>\n\t\t\t\t\t\t\t\t<div class=\"elementor-field-type-text elementor-field-group elementor-column elementor-field-group-field_f903867 elementor-col-60\">\n\t\t\t\t\t\t\t\t\t\t\t\t<label for=\"form-field-field_f903867\" class=\"elementor-field-label\">\n\t\t\t\t\t\t\t\tSe escolheu outro local de devolu\u00e7\u00e3o, por favor  informar aqui!\t\t\t\t\t\t\t<\/label>\n\t\t\t\t\t\t\t\t\t\t\t\t\t\t<input size=\"1\" type=\"text\" name=\"form_fields[field_f903867]\" id=\"form-field-field_f903867\" class=\"elementor-field elementor-size-sm  elementor-field-textual\" placeholder=\"Local de devolu\u00e7\u00e3o\">\n\t\t\t\t\t\t\t\t\t\t\t<\/div>\n\t\t\t\t\t\t\t\t<div class=\"elementor-field-type-date elementor-field-group elementor-column elementor-field-group-field_73050e3 elementor-col-40 elementor-field-required\">\n\t\t\t\t\t\t\t\t\t\t\t\t<label for=\"form-field-field_73050e3\" class=\"elementor-field-label\">\n\t\t\t\t\t\t\t\tData de devolu\u00e7\u00e3o\t\t\t\t\t\t\t<\/label>\n\t\t\t\t\t\t\n\t\t<input type=\"date\" name=\"form_fields[field_73050e3]\" id=\"form-field-field_73050e3\" class=\"elementor-field elementor-size-sm  elementor-field-textual elementor-date-field\" placeholder=\"Data de devolu\u00e7\u00e3o\" required=\"required\" pattern=\"[0-9]{4}-[0-9]{2}-[0-9]{2}\">\n\t\t\t\t\t\t<\/div>\n\t\t\t\t\t\t\t\t<div class=\"elementor-field-type-time elementor-field-group elementor-column elementor-field-group-field_444132b elementor-col-40 elementor-field-required\">\n\t\t\t\t\t\t\t\t\t\t\t\t<label for=\"form-field-field_444132b\" class=\"elementor-field-label\">\n\t\t\t\t\t\t\t\tHora de devolu\u00e7\u00e3o\t\t\t\t\t\t\t<\/label>\n\t\t\t\t\t\t\t\t<input type=\"time\" name=\"form_fields[field_444132b]\" id=\"form-field-field_444132b\" class=\"elementor-field elementor-size-sm  elementor-field-textual elementor-time-field\" placeholder=\"Hora de retirada\" required=\"required\">\n\t\t\t\t\t\t<\/div>\n\t\t\t\t\t\t\t\t<div class=\"elementor-field-type-select elementor-field-group elementor-column elementor-field-group-field_8be989a elementor-col-40 elementor-field-required\">\n\t\t\t\t\t\t\t\t\t\t\t\t<label for=\"form-field-field_8be989a\" class=\"elementor-field-label\">\n\t\t\t\t\t\t\t\tCategoria de prefer\u00eancia\t\t\t\t\t\t\t<\/label>\n\t\t\t\t\t\t\t\t<div class=\"elementor-field elementor-select-wrapper remove-before \">\n\t\t\t<div class=\"select-caret-down-wrapper\">\n\t\t\t\t<svg aria-hidden=\"true\" class=\"e-font-icon-svg e-eicon-caret-down\" viewBox=\"0 0 571.4 571.4\" xmlns=\"http:\/\/www.w3.org\/2000\/svg\"><path d=\"M571 393Q571 407 561 418L311 668Q300 679 286 679T261 668L11 418Q0 407 0 393T11 368 36 357H536Q550 357 561 368T571 393Z\"><\/path><\/svg>\t\t\t<\/div>\n\t\t\t<select name=\"form_fields[field_8be989a]\" id=\"form-field-field_8be989a\" class=\"elementor-field-textual elementor-size-sm\" required=\"required\">\n\t\t\t\t\t\t\t\t\t<option value=\"HATCH\">HATCH<\/option>\n\t\t\t\t\t\t\t\t\t<option value=\"SEDAN\">SEDAN<\/option>\n\t\t\t\t\t\t\t\t\t<option value=\"SUV\">SUV<\/option>\n\t\t\t\t\t\t\t\t\t<option value=\"SUV M\u00c9DIO\">SUV M\u00c9DIO<\/option>\n\t\t\t\t\t\t\t\t\t<option value=\"SUV PREMIUM\">SUV PREMIUM<\/option>\n\t\t\t\t\t\t\t\t\t<option value=\"MINIVAN 7 LUGARES\">MINIVAN 7 LUGARES<\/option>\n\t\t\t\t\t\t\t\t\t<option value=\"MINIVAN 8 LUGARES\">MINIVAN 8 LUGARES<\/option>\n\t\t\t\t\t\t\t\t\t<option value=\"MINIVAN PREMIUM\">MINIVAN PREMIUM<\/option>\n\t\t\t\t\t\t\t\t\t<option value=\"EL\u00c9TRICO\">EL\u00c9TRICO<\/option>\n\t\t\t\t\t\t\t\t\t<option value=\"CONVERS\u00cdVEL\">CONVERS\u00cdVEL<\/option>\n\t\t\t\t\t\t\t\t\t<option value=\"VAN\">VAN<\/option>\n\t\t\t\t\t\t\t<\/select>\n\t\t<\/div>\n\t\t\t\t\t\t<\/div>\n\t\t\t\t\t\t\t\t<div class=\"elementor-field-type-textarea elementor-field-group elementor-column elementor-field-group-message elementor-col-100\">\n\t\t\t\t\t\t\t\t\t\t\t\t<label for=\"form-field-message\" class=\"elementor-field-label\">\n\t\t\t\t\t\t\t\tObserva\u00e7\u00f5es\t\t\t\t\t\t\t<\/label>\n\t\t\t\t\t\t<textarea class=\"elementor-field-textual elementor-field  elementor-size-sm\" name=\"form_fields[message]\" id=\"form-field-message\" rows=\"4\" placeholder=\"Observa\u00e7\u00f5es\"><\/textarea>\t\t\t\t<\/div>\n\t\t\t\t\t\t\t\t<div class=\"elementor-field-group elementor-column elementor-field-type-submit elementor-col-100 e-form__buttons\">\n\t\t\t\t\t<button class=\"elementor-button elementor-size-sm\" type=\"submit\">\n\t\t\t\t\t\t<span class=\"elementor-button-content-wrapper\">\n\t\t\t\t\t\t\t\t\t\t\t\t\t\t\t\t\t\t\t\t\t\t<span class=\"elementor-button-text\">Enviar<\/span>\n\t\t\t\t\t\t\t\t\t\t\t\t\t<\/span>\n\t\t\t\t\t<\/button>\n\t\t\t\t<\/div>\n\t\t\t<\/div>\n\t\t<\/form>\n\t\t\t\t\t\t<\/div>\n\t\t\t\t\t<\/div>\n\t\t\t\t<\/div>\n\t\t<div class=\"elementor-element elementor-element-92fb404 e-flex e-con-boxed e-con e-parent\" data-id=\"92fb404\" data-element_type=\"container\" data-e-type=\"container\">\n\t\t\t\t\t<div class=\"e-con-inner\">\n\t\t\t\t<div class=\"elementor-element elementor-element-062ace1 elementor-widget elementor-widget-spacer\" data-id=\"062ace1\" data-element_type=\"widget\" data-e-type=\"widget\" data-widget_type=\"spacer.default\">\n\t\t\t\t\t\t\t<div class=\"elementor-spacer\">\n\t\t\t<div class=\"elementor-spacer-inner\"><\/div>\n\t\t<\/div>\n\t\t\t\t\t\t<\/div>\n\t\t\t\t\t<\/div>\n\t\t\t\t<\/div>\n\t\t\t\t<\/div>\n\t\t","protected":false},"excerpt":{"rendered":"<p>Formul\u00e1rio de Cota\u00e7\u00e3o Preencha o formul\u00e1rio abaixo para enviarmos a cota\u00e7\u00e3o.<\/p>","protected":false},"author":2,"featured_media":0,"parent":0,"menu_order":0,"comment_status":"closed","ping_status":"closed","template":"elementor_header_footer","meta":{"footnotes":""},"class_list":["post-1103","page","type-page","status-publish","hentry"],"yoast_head":"<!-- This site is optimized with the Yoast SEO plugin v27.4 - https:\/\/yoast.com\/product\/yoast-seo-wordpress\/ -->\n<title>Reserva - Conex\u00e3o Rentacar<\/title>\n<meta name=\"robots\" content=\"index, follow, max-snippet:-1, max-image-preview:large, max-video-preview:-1\" \/>\n<link rel=\"canonical\" href=\"https:\/\/conexaorentacar.com\/florida\/en\/reserva\/\" \/>\n<meta property=\"og:locale\" content=\"en_US\" \/>\n<meta property=\"og:type\" content=\"article\" \/>\n<meta property=\"og:title\" content=\"Reserva - Conex\u00e3o Rentacar\" \/>\n<meta property=\"og:description\" content=\"Formul\u00e1rio de Cota\u00e7\u00e3o Preencha o formul\u00e1rio abaixo para enviarmos a cota\u00e7\u00e3o.\" \/>\n<meta property=\"og:url\" content=\"https:\/\/conexaorentacar.com\/florida\/en\/reserva\/\" \/>\n<meta property=\"og:site_name\" content=\"Conex\u00e3o Rentacar\" \/>\n<meta property=\"article:publisher\" content=\"https:\/\/www.facebook.com\/conexao.alugueldecarros\" \/>\n<meta property=\"article:modified_time\" content=\"2025-05-26T14:43:41+00:00\" \/>\n<meta name=\"twitter:card\" content=\"summary_large_image\" \/>\n<meta name=\"twitter:label1\" content=\"Est. reading time\" \/>\n\t<meta name=\"twitter:data1\" content=\"1 minute\" \/>\n<script type=\"application\/ld+json\" class=\"yoast-schema-graph\">{\"@context\":\"https:\\\/\\\/schema.org\",\"@graph\":[{\"@type\":\"WebPage\",\"@id\":\"https:\\\/\\\/conexaorentacar.com\\\/florida\\\/reserva\\\/\",\"url\":\"https:\\\/\\\/conexaorentacar.com\\\/florida\\\/reserva\\\/\",\"name\":\"Reserva - Conex\u00e3o Rentacar\",\"isPartOf\":{\"@id\":\"https:\\\/\\\/conexaorentacar.com\\\/florida\\\/#website\"},\"datePublished\":\"2024-11-12T20:26:26+00:00\",\"dateModified\":\"2025-05-26T14:43:41+00:00\",\"breadcrumb\":{\"@id\":\"https:\\\/\\\/conexaorentacar.com\\\/florida\\\/reserva\\\/#breadcrumb\"},\"inLanguage\":\"en-US\",\"potentialAction\":[{\"@type\":\"ReadAction\",\"target\":[\"https:\\\/\\\/conexaorentacar.com\\\/florida\\\/reserva\\\/\"]}]},{\"@type\":\"BreadcrumbList\",\"@id\":\"https:\\\/\\\/conexaorentacar.com\\\/florida\\\/reserva\\\/#breadcrumb\",\"itemListElement\":[{\"@type\":\"ListItem\",\"position\":1,\"name\":\"In\u00edcio\",\"item\":\"https:\\\/\\\/conexaorentacar.com\\\/florida\\\/\"},{\"@type\":\"ListItem\",\"position\":2,\"name\":\"Reserva\"}]},{\"@type\":\"WebSite\",\"@id\":\"https:\\\/\\\/conexaorentacar.com\\\/florida\\\/#website\",\"url\":\"https:\\\/\\\/conexaorentacar.com\\\/florida\\\/\",\"name\":\"Conex\u00e3o Rentacar\",\"description\":\"Aluguel de ve\u00edculos\",\"publisher\":{\"@id\":\"https:\\\/\\\/conexaorentacar.com\\\/florida\\\/#organization\"},\"potentialAction\":[{\"@type\":\"SearchAction\",\"target\":{\"@type\":\"EntryPoint\",\"urlTemplate\":\"https:\\\/\\\/conexaorentacar.com\\\/florida\\\/?s={search_term_string}\"},\"query-input\":{\"@type\":\"PropertyValueSpecification\",\"valueRequired\":true,\"valueName\":\"search_term_string\"}}],\"inLanguage\":\"en-US\"},{\"@type\":\"Organization\",\"@id\":\"https:\\\/\\\/conexaorentacar.com\\\/florida\\\/#organization\",\"name\":\"Conex\u00e3o Rentacar\",\"url\":\"https:\\\/\\\/conexaorentacar.com\\\/florida\\\/\",\"logo\":{\"@type\":\"ImageObject\",\"inLanguage\":\"en-US\",\"@id\":\"https:\\\/\\\/conexaorentacar.com\\\/florida\\\/#\\\/schema\\\/logo\\\/image\\\/\",\"url\":\"https:\\\/\\\/conexaorentacar.com\\\/florida\\\/wp-content\\\/uploads\\\/2024\\\/07\\\/Ativo-1LOGO-CONEXAO-CAR-RENTAL.svg\",\"contentUrl\":\"https:\\\/\\\/conexaorentacar.com\\\/florida\\\/wp-content\\\/uploads\\\/2024\\\/07\\\/Ativo-1LOGO-CONEXAO-CAR-RENTAL.svg\",\"width\":257,\"height\":69,\"caption\":\"Conex\u00e3o Rentacar\"},\"image\":{\"@id\":\"https:\\\/\\\/conexaorentacar.com\\\/florida\\\/#\\\/schema\\\/logo\\\/image\\\/\"},\"sameAs\":[\"https:\\\/\\\/www.facebook.com\\\/conexao.alugueldecarros\",\"https:\\\/\\\/www.instagram.com\\\/conexao.carrental\"]}]}<\/script>\n<!-- \/ Yoast SEO plugin. -->","yoast_head_json":{"title":"Reserva - Conex\u00e3o Rentacar","robots":{"index":"index","follow":"follow","max-snippet":"max-snippet:-1","max-image-preview":"max-image-preview:large","max-video-preview":"max-video-preview:-1"},"canonical":"https:\/\/conexaorentacar.com\/florida\/en\/reserva\/","og_locale":"en_US","og_type":"article","og_title":"Reserva - Conex\u00e3o Rentacar","og_description":"Formul\u00e1rio de Cota\u00e7\u00e3o Preencha o formul\u00e1rio abaixo para enviarmos a cota\u00e7\u00e3o.","og_url":"https:\/\/conexaorentacar.com\/florida\/en\/reserva\/","og_site_name":"Conex\u00e3o Rentacar","article_publisher":"https:\/\/www.facebook.com\/conexao.alugueldecarros","article_modified_time":"2025-05-26T14:43:41+00:00","twitter_card":"summary_large_image","twitter_misc":{"Est. reading time":"1 minute"},"schema":{"@context":"https:\/\/schema.org","@graph":[{"@type":"WebPage","@id":"https:\/\/conexaorentacar.com\/florida\/reserva\/","url":"https:\/\/conexaorentacar.com\/florida\/reserva\/","name":"Reserva - Conex\u00e3o Rentacar","isPartOf":{"@id":"https:\/\/conexaorentacar.com\/florida\/#website"},"datePublished":"2024-11-12T20:26:26+00:00","dateModified":"2025-05-26T14:43:41+00:00","breadcrumb":{"@id":"https:\/\/conexaorentacar.com\/florida\/reserva\/#breadcrumb"},"inLanguage":"en-US","potentialAction":[{"@type":"ReadAction","target":["https:\/\/conexaorentacar.com\/florida\/reserva\/"]}]},{"@type":"BreadcrumbList","@id":"https:\/\/conexaorentacar.com\/florida\/reserva\/#breadcrumb","itemListElement":[{"@type":"ListItem","position":1,"name":"In\u00edcio","item":"https:\/\/conexaorentacar.com\/florida\/"},{"@type":"ListItem","position":2,"name":"Reserva"}]},{"@type":"WebSite","@id":"https:\/\/conexaorentacar.com\/florida\/#website","url":"https:\/\/conexaorentacar.com\/florida\/","name":"Conex\u00e3o Rentacar","description":"Aluguel de ve\u00edculos","publisher":{"@id":"https:\/\/conexaorentacar.com\/florida\/#organization"},"potentialAction":[{"@type":"SearchAction","target":{"@type":"EntryPoint","urlTemplate":"https:\/\/conexaorentacar.com\/florida\/?s={search_term_string}"},"query-input":{"@type":"PropertyValueSpecification","valueRequired":true,"valueName":"search_term_string"}}],"inLanguage":"en-US"},{"@type":"Organization","@id":"https:\/\/conexaorentacar.com\/florida\/#organization","name":"Conex\u00e3o Rentacar","url":"https:\/\/conexaorentacar.com\/florida\/","logo":{"@type":"ImageObject","inLanguage":"en-US","@id":"https:\/\/conexaorentacar.com\/florida\/#\/schema\/logo\/image\/","url":"https:\/\/conexaorentacar.com\/florida\/wp-content\/uploads\/2024\/07\/Ativo-1LOGO-CONEXAO-CAR-RENTAL.svg","contentUrl":"https:\/\/conexaorentacar.com\/florida\/wp-content\/uploads\/2024\/07\/Ativo-1LOGO-CONEXAO-CAR-RENTAL.svg","width":257,"height":69,"caption":"Conex\u00e3o Rentacar"},"image":{"@id":"https:\/\/conexaorentacar.com\/florida\/#\/schema\/logo\/image\/"},"sameAs":["https:\/\/www.facebook.com\/conexao.alugueldecarros","https:\/\/www.instagram.com\/conexao.carrental"]}]}},"_links":{"self":[{"href":"https:\/\/conexaorentacar.com\/florida\/en\/wp-json\/wp\/v2\/pages\/1103","targetHints":{"allow":["GET"]}}],"collection":[{"href":"https:\/\/conexaorentacar.com\/florida\/en\/wp-json\/wp\/v2\/pages"}],"about":[{"href":"https:\/\/conexaorentacar.com\/florida\/en\/wp-json\/wp\/v2\/types\/page"}],"author":[{"embeddable":true,"href":"https:\/\/conexaorentacar.com\/florida\/en\/wp-json\/wp\/v2\/users\/2"}],"replies":[{"embeddable":true,"href":"https:\/\/conexaorentacar.com\/florida\/en\/wp-json\/wp\/v2\/comments?post=1103"}],"version-history":[{"count":0,"href":"https:\/\/conexaorentacar.com\/florida\/en\/wp-json\/wp\/v2\/pages\/1103\/revisions"}],"wp:attachment":[{"href":"https:\/\/conexaorentacar.com\/florida\/en\/wp-json\/wp\/v2\/media?parent=1103"}],"curies":[{"name":"wp","href":"https:\/\/api.w.org\/{rel}","templated":true}]}}